{"id":4400,"date":"2020-08-10T14:01:42","date_gmt":"2020-08-10T14:01:42","guid":{"rendered":"https:\/\/produtiva.net\/v4\/?page_id=4400"},"modified":"2020-08-10T14:04:26","modified_gmt":"2020-08-10T14:04:26","slug":"pt2020","status":"publish","type":"page","link":"https:\/\/www.produtiva.net\/v4\/pt2020\/","title":{"rendered":"Pt2020"},"content":{"rendered":"<p>[vc_section css=&#8221;.vc_custom_1568287355432{padding-top: 80px !important;padding-bottom: 80px !important;}&#8221;][vc_row][vc_column]<div class=\" agni-section-heading text-center ihda\" ><h2 class=\"section-heading-text \" style=\"font-size:36px;\"><span>PT 2020<\/span><\/h2><\/div>[\/vc_column][\/vc_row][vc_row][vc_column][vc_column_text]<\/p>\r\n<p>projeto n\u00ba 42798 \u2013Incentivos Qualifica\u00e7\u00e3o das PME\u2019s \u2013 Vale Economia Circular<\/p>\r\n<h2 class=\"wp-block-heading\">Refor\u00e7ar a competitividade das PME\u2019s<\/h2>\r\n<p><img decoding=\"async\" class=\"alignnone size-full wp-image-4397 lazyload\" data-src=\"https:\/\/produtiva.net\/v4\/wp-content\/uploads\/2020\/08\/barra_assinaturas-copy-1.jpg\" alt=\"\" width=\"300\" height=\"34\" src=\"data:image\/svg+xml;base64,PHN2ZyB3aWR0aD0iMSIgaGVpZ2h0PSIxIiB4bWxucz0iaHR0cDovL3d3dy53My5vcmcvMjAwMC9zdmciPjwvc3ZnPg==\" style=\"--smush-placeholder-width: 300px; --smush-placeholder-aspect-ratio: 300\/34;\" \/><\/p>\r\n<p>&nbsp;<\/p>\r\n<p>CUSTO TOTAL ELEG\u00cdVEL:<br \/>10.000,00 \u20ac<\/p>\r\n<p>Apoio financeiro da EU:<br \/>7.500,00 \u20ac<\/p>\r\n<p>&nbsp;<\/p>\r\n<h2>S\u00edntese do Projeto<\/h2>\r\n<p>Com o presente projecto, apresentado sob a designa\u00e7\u00e3o \u201cENFORCE \u2013 ENVIRONMENTAL FOOTPRINT OF PRODUTIVA\u201d, a empresa pretende a realiza\u00e7\u00e3o de um Diagn\u00f3stico na \u00e1rea da Economia Circular, no \u00e2mbito da Eco-efici\u00eancia, o qual incidir\u00e1 nas linhas de produ\u00e7\u00e3o da empresa e tem como objectivo identificar necessidades e oportunidades de melhoria na \u00e1rea da Economia Circular no seu processo produtivo e implementa\u00e7\u00e3o de solu\u00e7\u00f5es, de forma a diminuir os impactos ambientais, numa \u00f3tica de otimiza\u00e7\u00e3o de gest\u00e3o de recursos (energ\u00e9ticos e materiais) ao longo das suas linhas de produ\u00e7\u00e3o. Este diagn\u00f3stico, que inclui a descri\u00e7\u00e3o do processo produtivo e tratamento de dados de produ\u00e7\u00e3o, caracteriza\u00e7\u00e3o do estado geral das instala\u00e7\u00f5es e equipamentos, culminar\u00e1 num \u201cPlano de Ac\u00e7\u00e3o\u201d, com solu\u00e7\u00f5es concretas a implementar e identifica\u00e7\u00e3o dos respetivos benef\u00edcios, para a adop\u00e7\u00e3o de solu\u00e7\u00f5es na \u00e1rea da \u201cEconomia Circular\u201d.<\/p>\r\n<p>[\/vc_column_text][\/vc_column][\/vc_row][\/vc_section]<\/p>","protected":false},"excerpt":{"rendered":"<p>[vc_section css=&#8221;.vc_custom_1568287355432{padding-top: 80px !important;padding-bottom: 80px !important;}&#8221;][vc_row][vc_column][\/vc_column][\/vc_row][vc_row][vc_column][vc_column_text] projeto n\u00ba 42798 \u2013Incentivos Qualifica\u00e7\u00e3o das PME\u2019s \u2013 Vale Economia Circular Refor\u00e7ar a competitividade das PME\u2019s &nbsp; CUSTO TOTAL ELEG\u00cdVEL:10.000,00 \u20ac Apoio financeiro da EU:7.500,00 \u20ac &nbsp; S\u00edntese do Projeto Com o presente projecto, apresentado sob a designa\u00e7\u00e3o \u201cENFORCE \u2013 ENVIRONMENTAL FOOTPRINT OF PRODUTIVA\u201d, a empresa pretende a realiza\u00e7\u00e3o [&hellip;]<\/p>\n","protected":false},"author":2,"featured_media":0,"parent":0,"menu_order":0,"comment_status":"closed","ping_status":"open","template":"","meta":{"_monsterinsights_skip_tracking":false,"_monsterinsights_sitenote_active":false,"_monsterinsights_sitenote_note":"","_monsterinsights_sitenote_category":0,"footnotes":""},"class_list":["post-4400","page","type-page","status-publish","hentry"],"yoast_head":"<!-- This site is optimized with the Yoast SEO plugin v25.5 - https:\/\/yoast.com\/wordpress\/plugins\/seo\/ -->\n<title>Pt2020 - Produtiva<\/title>\n<meta name=\"robots\" content=\"index, follow, max-snippet:-1, max-image-preview:large, max-video-preview:-1\" \/>\n<link rel=\"canonical\" href=\"https:\/\/www.produtiva.net\/v4\/pt2020\/\" \/>\n<meta property=\"og:locale\" content=\"pt_PT\" \/>\n<meta property=\"og:type\" content=\"article\" \/>\n<meta property=\"og:title\" content=\"Pt2020 - Produtiva\" \/>\n<meta property=\"og:description\" content=\"[vc_section css=&#8221;.vc_custom_1568287355432{padding-top: 80px !important;padding-bottom: 80px !important;}&#8221;][vc_row][vc_column][\/vc_column][\/vc_row][vc_row][vc_column][vc_column_text] projeto n\u00ba 42798 \u2013Incentivos Qualifica\u00e7\u00e3o das PME\u2019s \u2013 Vale Economia Circular Refor\u00e7ar a competitividade das PME\u2019s &nbsp; CUSTO TOTAL ELEG\u00cdVEL:10.000,00 \u20ac Apoio financeiro da EU:7.500,00 \u20ac &nbsp; S\u00edntese do Projeto Com o presente projecto, apresentado sob a designa\u00e7\u00e3o \u201cENFORCE \u2013 ENVIRONMENTAL FOOTPRINT OF PRODUTIVA\u201d, a empresa pretende a realiza\u00e7\u00e3o [&hellip;]\" \/>\n<meta property=\"og:url\" content=\"https:\/\/www.produtiva.net\/v4\/pt2020\/\" \/>\n<meta property=\"og:site_name\" content=\"Produtiva\" \/>\n<meta property=\"article:modified_time\" content=\"2020-08-10T14:04:26+00:00\" \/>\n<meta property=\"og:image\" content=\"https:\/\/produtiva.net\/v4\/wp-content\/uploads\/2020\/08\/barra_assinaturas-copy-1.jpg\" \/>\n<meta name=\"twitter:card\" content=\"summary_large_image\" \/>\n<meta name=\"twitter:label1\" content=\"Tempo estimado de leitura\" \/>\n\t<meta name=\"twitter:data1\" content=\"1 minuto\" \/>\n<script type=\"application\/ld+json\" class=\"yoast-schema-graph\">{\"@context\":\"https:\/\/schema.org\",\"@graph\":[{\"@type\":\"WebPage\",\"@id\":\"https:\/\/www.produtiva.net\/v4\/pt2020\/\",\"url\":\"https:\/\/www.produtiva.net\/v4\/pt2020\/\",\"name\":\"Pt2020 - Produtiva\",\"isPartOf\":{\"@id\":\"https:\/\/www.produtiva.net\/v4\/#website\"},\"primaryImageOfPage\":{\"@id\":\"https:\/\/www.produtiva.net\/v4\/pt2020\/#primaryimage\"},\"image\":{\"@id\":\"https:\/\/www.produtiva.net\/v4\/pt2020\/#primaryimage\"},\"thumbnailUrl\":\"https:\/\/produtiva.net\/v4\/wp-content\/uploads\/2020\/08\/barra_assinaturas-copy-1.jpg\",\"datePublished\":\"2020-08-10T14:01:42+00:00\",\"dateModified\":\"2020-08-10T14:04:26+00:00\",\"breadcrumb\":{\"@id\":\"https:\/\/www.produtiva.net\/v4\/pt2020\/#breadcrumb\"},\"inLanguage\":\"pt-PT\",\"potentialAction\":[{\"@type\":\"ReadAction\",\"target\":[\"https:\/\/www.produtiva.net\/v4\/pt2020\/\"]}]},{\"@type\":\"ImageObject\",\"inLanguage\":\"pt-PT\",\"@id\":\"https:\/\/www.produtiva.net\/v4\/pt2020\/#primaryimage\",\"url\":\"https:\/\/produtiva.net\/v4\/wp-content\/uploads\/2020\/08\/barra_assinaturas-copy-1.jpg\",\"contentUrl\":\"https:\/\/produtiva.net\/v4\/wp-content\/uploads\/2020\/08\/barra_assinaturas-copy-1.jpg\"},{\"@type\":\"BreadcrumbList\",\"@id\":\"https:\/\/www.produtiva.net\/v4\/pt2020\/#breadcrumb\",\"itemListElement\":[{\"@type\":\"ListItem\",\"position\":1,\"name\":\"In\u00edcio\",\"item\":\"https:\/\/www.produtiva.net\/v4\/\"},{\"@type\":\"ListItem\",\"position\":2,\"name\":\"Pt2020\"}]},{\"@type\":\"WebSite\",\"@id\":\"https:\/\/www.produtiva.net\/v4\/#website\",\"url\":\"https:\/\/www.produtiva.net\/v4\/\",\"name\":\"Produtiva\",\"description\":\"SA\",\"publisher\":{\"@id\":\"https:\/\/www.produtiva.net\/v4\/#organization\"},\"potentialAction\":[{\"@type\":\"SearchAction\",\"target\":{\"@type\":\"EntryPoint\",\"urlTemplate\":\"https:\/\/www.produtiva.net\/v4\/?s={search_term_string}\"},\"query-input\":{\"@type\":\"PropertyValueSpecification\",\"valueRequired\":true,\"valueName\":\"search_term_string\"}}],\"inLanguage\":\"pt-PT\"},{\"@type\":\"Organization\",\"@id\":\"https:\/\/www.produtiva.net\/v4\/#organization\",\"name\":\"Produtiva\",\"url\":\"https:\/\/www.produtiva.net\/v4\/\",\"logo\":{\"@type\":\"ImageObject\",\"inLanguage\":\"pt-PT\",\"@id\":\"https:\/\/www.produtiva.net\/v4\/#\/schema\/logo\/image\/\",\"url\":\"https:\/\/www.produtiva.net\/v4\/wp-content\/uploads\/2019\/08\/logo-produtiva-black.png\",\"contentUrl\":\"https:\/\/www.produtiva.net\/v4\/wp-content\/uploads\/2019\/08\/logo-produtiva-black.png\",\"width\":238,\"height\":52,\"caption\":\"Produtiva\"},\"image\":{\"@id\":\"https:\/\/www.produtiva.net\/v4\/#\/schema\/logo\/image\/\"}}]}<\/script>\n<!-- \/ Yoast SEO plugin. -->","yoast_head_json":{"title":"Pt2020 - Produtiva","robots":{"index":"index","follow":"follow","max-snippet":"max-snippet:-1","max-image-preview":"max-image-preview:large","max-video-preview":"max-video-preview:-1"},"canonical":"https:\/\/www.produtiva.net\/v4\/pt2020\/","og_locale":"pt_PT","og_type":"article","og_title":"Pt2020 - Produtiva","og_description":"[vc_section css=&#8221;.vc_custom_1568287355432{padding-top: 80px !important;padding-bottom: 80px !important;}&#8221;][vc_row][vc_column][\/vc_column][\/vc_row][vc_row][vc_column][vc_column_text] projeto n\u00ba 42798 \u2013Incentivos Qualifica\u00e7\u00e3o das PME\u2019s \u2013 Vale Economia Circular Refor\u00e7ar a competitividade das PME\u2019s &nbsp; CUSTO TOTAL ELEG\u00cdVEL:10.000,00 \u20ac Apoio financeiro da EU:7.500,00 \u20ac &nbsp; S\u00edntese do Projeto Com o presente projecto, apresentado sob a designa\u00e7\u00e3o \u201cENFORCE \u2013 ENVIRONMENTAL FOOTPRINT OF PRODUTIVA\u201d, a empresa pretende a realiza\u00e7\u00e3o [&hellip;]","og_url":"https:\/\/www.produtiva.net\/v4\/pt2020\/","og_site_name":"Produtiva","article_modified_time":"2020-08-10T14:04:26+00:00","og_image":[{"url":"https:\/\/produtiva.net\/v4\/wp-content\/uploads\/2020\/08\/barra_assinaturas-copy-1.jpg","type":"","width":"","height":""}],"twitter_card":"summary_large_image","twitter_misc":{"Tempo estimado de leitura":"1 minuto"},"schema":{"@context":"https:\/\/schema.org","@graph":[{"@type":"WebPage","@id":"https:\/\/www.produtiva.net\/v4\/pt2020\/","url":"https:\/\/www.produtiva.net\/v4\/pt2020\/","name":"Pt2020 - Produtiva","isPartOf":{"@id":"https:\/\/www.produtiva.net\/v4\/#website"},"primaryImageOfPage":{"@id":"https:\/\/www.produtiva.net\/v4\/pt2020\/#primaryimage"},"image":{"@id":"https:\/\/www.produtiva.net\/v4\/pt2020\/#primaryimage"},"thumbnailUrl":"https:\/\/produtiva.net\/v4\/wp-content\/uploads\/2020\/08\/barra_assinaturas-copy-1.jpg","datePublished":"2020-08-10T14:01:42+00:00","dateModified":"2020-08-10T14:04:26+00:00","breadcrumb":{"@id":"https:\/\/www.produtiva.net\/v4\/pt2020\/#breadcrumb"},"inLanguage":"pt-PT","potentialAction":[{"@type":"ReadAction","target":["https:\/\/www.produtiva.net\/v4\/pt2020\/"]}]},{"@type":"ImageObject","inLanguage":"pt-PT","@id":"https:\/\/www.produtiva.net\/v4\/pt2020\/#primaryimage","url":"https:\/\/produtiva.net\/v4\/wp-content\/uploads\/2020\/08\/barra_assinaturas-copy-1.jpg","contentUrl":"https:\/\/produtiva.net\/v4\/wp-content\/uploads\/2020\/08\/barra_assinaturas-copy-1.jpg"},{"@type":"BreadcrumbList","@id":"https:\/\/www.produtiva.net\/v4\/pt2020\/#breadcrumb","itemListElement":[{"@type":"ListItem","position":1,"name":"In\u00edcio","item":"https:\/\/www.produtiva.net\/v4\/"},{"@type":"ListItem","position":2,"name":"Pt2020"}]},{"@type":"WebSite","@id":"https:\/\/www.produtiva.net\/v4\/#website","url":"https:\/\/www.produtiva.net\/v4\/","name":"Produtiva","description":"SA","publisher":{"@id":"https:\/\/www.produtiva.net\/v4\/#organization"},"potentialAction":[{"@type":"SearchAction","target":{"@type":"EntryPoint","urlTemplate":"https:\/\/www.produtiva.net\/v4\/?s={search_term_string}"},"query-input":{"@type":"PropertyValueSpecification","valueRequired":true,"valueName":"search_term_string"}}],"inLanguage":"pt-PT"},{"@type":"Organization","@id":"https:\/\/www.produtiva.net\/v4\/#organization","name":"Produtiva","url":"https:\/\/www.produtiva.net\/v4\/","logo":{"@type":"ImageObject","inLanguage":"pt-PT","@id":"https:\/\/www.produtiva.net\/v4\/#\/schema\/logo\/image\/","url":"https:\/\/www.produtiva.net\/v4\/wp-content\/uploads\/2019\/08\/logo-produtiva-black.png","contentUrl":"https:\/\/www.produtiva.net\/v4\/wp-content\/uploads\/2019\/08\/logo-produtiva-black.png","width":238,"height":52,"caption":"Produtiva"},"image":{"@id":"https:\/\/www.produtiva.net\/v4\/#\/schema\/logo\/image\/"}}]}},"_links":{"self":[{"href":"https:\/\/www.produtiva.net\/v4\/wp-json\/wp\/v2\/pages\/4400","targetHints":{"allow":["GET"]}}],"collection":[{"href":"https:\/\/www.produtiva.net\/v4\/wp-json\/wp\/v2\/pages"}],"about":[{"href":"https:\/\/www.produtiva.net\/v4\/wp-json\/wp\/v2\/types\/page"}],"author":[{"embeddable":true,"href":"https:\/\/www.produtiva.net\/v4\/wp-json\/wp\/v2\/users\/2"}],"replies":[{"embeddable":true,"href":"https:\/\/www.produtiva.net\/v4\/wp-json\/wp\/v2\/comments?post=4400"}],"version-history":[{"count":3,"href":"https:\/\/www.produtiva.net\/v4\/wp-json\/wp\/v2\/pages\/4400\/revisions"}],"predecessor-version":[{"id":4403,"href":"https:\/\/www.produtiva.net\/v4\/wp-json\/wp\/v2\/pages\/4400\/revisions\/4403"}],"wp:attachment":[{"href":"https:\/\/www.produtiva.net\/v4\/wp-json\/wp\/v2\/media?parent=4400"}],"curies":[{"name":"wp","href":"https:\/\/api.w.org\/{rel}","templated":true}]}}