{"id":4502,"date":"2020-08-24T15:32:07","date_gmt":"2020-08-24T15:32:07","guid":{"rendered":"https:\/\/produtiva.net\/v4\/?page_id=4502"},"modified":"2020-08-25T08:55:47","modified_gmt":"2020-08-25T08:55:47","slug":"politica-de-privacidad","status":"publish","type":"page","link":"https:\/\/www.produtiva.net\/v4\/es\/politica-de-privacidad\/","title":{"rendered":"Pol\u00edtica de privacidad"},"content":{"rendered":"<p>[vc_section css=&#8221;.vc_custom_1568287355432{padding-top: 80px !important;padding-bottom: 80px !important;}&#8221;][vc_row][vc_column]<div class=\" agni-section-heading text-center ihda\" ><h2 class=\"section-heading-text \" style=\"font-size:36px;\"><span>POL\u00cdTICA DE PRIVACIDAD<\/span><\/h2><\/div>[\/vc_column][\/vc_row][vc_row][vc_column][vc_column_text]<\/p>\r\n\r\n<h3 class=\"wp-block-heading\">POL\u00cdTICA DE PRIVACIDAD<\/h3>\r\n<p>Para navegar por este sitio web, no se requieren datos de usuario, sin embargo, hay \u00e1reas en las que se solicitan estos datos. Los datos recopilados se utilizan \u00fanicamente para uso interno con el fin de cumplir con las solicitudes y contactos realizados a trav\u00e9s del sitio web, garantizando la privacidad y protecci\u00f3n de los datos del usuario.<\/p>\r\n<p>Los datos personales de nuestros clientes se proporcionan voluntariamente y no se divulgar\u00e1n a terceros. De acuerdo con la ley portuguesa, todos los usuarios tienen derecho a acceder, actualizar, corregir o eliminar sus datos personales, y para hacerlo, cont\u00e1ctenos.<\/p>\r\n<p>Nos comprometemos a adoptar las medidas de seguridad necesarias para garantizar la protecci\u00f3n de los datos personales de los usuarios contra su posible uso indebido o acceso no autorizado. La presente pol\u00edtica de privacidad puede modificarse sin previo aviso. Para m\u00e1s informaci\u00f3n, p\u00f3ngase en contacto con nosotros.<\/p>\r\n<h3>T\u00c9RMINOS DE USO<\/h3>\r\n<p>Al acceder a este sitio web o cualquier contenido dentro del operador, usted acepta los t\u00e9rminos y condiciones que aparecen a continuaci\u00f3n.<\/p>\r\n<p>Los contenidos y el dise\u00f1o de este sitio web son de nuestra propiedad. Todos los derechos estan reservados. Cualquier contenido o material contenido en las p\u00e1ginas de este sitio web est\u00e1 protegido internacionalmente por las disposiciones nacionales aplicables de derechos de autor y propiedad industrial, por lo que cualquier uso de estos materiales solo puede ocurrir bajo un permiso espec\u00edfico.<\/p>\r\n<p>La evidencia de este sitio web no puede ser alterada o distorsionada. Negamos cualquier responsabilidad por su mal uso. En cualquier momento nos reservamos el derecho de cambiar, sin previo aviso, la presentaci\u00f3n, estructura y contenido, as\u00ed como las condiciones de uso de este sitio.<\/p>\r\n<p>Declinamos la responsabilidad por cualquier da\u00f1o o problema que pueda surgir como resultado del uso de este sitio o cualquier otro servicio o sitio web externo vinculado a \u00e9l.<\/p>\r\n<h3>COOKIES<\/h3>\r\n<p>Las cookies son archivos que se almacenan en su computadora cuyo \u00fanico objetivo es simplificar la navegaci\u00f3n de su sitio web. El uso de cookies es com\u00fan en Internet y no da\u00f1a las computadoras de los usuarios.<\/p>\r\n<p>Las cookies realizan diversas funciones, como ayudar a los responsables del sitio web a darse cuenta de c\u00f3mo se usa, facilitando su navegaci\u00f3n al guardar sus preferencias y, en general, mejorando su experiencia de usuario y sirve para garantizar que el sitio web le muestre contenido relevante.<\/p>\r\n<p>Estas cookies solo pueden ser le\u00eddas por los responsables del sitio web y por s\u00ed mismo, y puede eliminarlas si lo desea.<\/p>\r\n<p>La configuraci\u00f3n de las cookies se puede cambiar en las preferencias de su navegador. Seleccione a continuaci\u00f3n el navegador que est\u00e1 utilizando para obtener m\u00e1s informaci\u00f3n:<\/p>\r\n<ul>\r\n<li><a class=\"link-text\" href=\"https:\/\/support.google.com\/chrome\/answer\/95647?hl=pt&amp;topic=14666&amp;ctx=topic#\" target=\"_blank\" rel=\"noopener noreferrer\">Chrome<\/a><\/li>\r\n<li><a class=\"link-text\" href=\"https:\/\/support.mozilla.org\/pt-PT\/kb\/Activar%20e%20Desactivar%20cookies?redirectlocale=en-US&amp;redirectslug=Enabling+and+disabling+cookies\" target=\"_blank\" rel=\"noopener noreferrer\">Firefox<\/a><\/li>\r\n<li><a class=\"link-text\" href=\"http:\/\/windows.microsoft.com\/pt-PT\/windows-vista\/Block-or-allow-cookies\" target=\"_blank\" rel=\"noopener noreferrer\">Internet Explorer<\/a><\/li>\r\n<li><a class=\"link-text\" href=\"http:\/\/support.apple.com\/kb\/HT1677?viewlocale=pt_PT&amp;locale=pt_PT\" target=\"_blank\" rel=\"noopener noreferrer\">Safari<\/a><\/li>\r\n<\/ul>\r\n<h3>SUSTENTABILIDAD<\/h3>\r\n<p>Los factores sociales, ambientales y de sostenibilidad juegan un papel crucial en la gesti\u00f3n de las empresas, contribuyendo fuertemente a su desempe\u00f1o a largo plazo.<\/p>\r\n<p>Con los ciudadanos asumimos el compromiso de adoptar un conjunto de principios centrados en el desarrollo sostenible, con el objetivo de crear valor para la empresa pero tambi\u00e9n para la sociedad.<\/p>\r\n<p>Para ello, favorecemos el uso de medios y materiales de comercializaci\u00f3n naturales y renovables, 100% reciclables y producidos con tecnolog\u00eda limpia. Creemos que podemos contribuir positivamente a la preservaci\u00f3n de la naturaleza y al bienestar de las generaciones futuras.<\/p>\r\n<h3>ACCESIBILIDAD<\/h3>\r\n<p>Nos comprometemos a garantizar que la informaci\u00f3n proporcionada en este sitio web sea accesible para todos los ciudadanos, incluidas las personas con necesidades especiales.<\/p>\r\n<p>En consecuencia, este sitio web busca garantizar el cumplimiento de los est\u00e1ndares internacionales de accesibilidad del contenido web de acuerdo con las pautas desarrolladas por el W3C &#8211; World Wide Web Consortium.<\/p>\r\n<p>Continuaremos desarrollando el sitio web para que sea lo m\u00e1s accesible posible.<\/p>\r\n<p>[\/vc_column_text][\/vc_column][\/vc_row][\/vc_section]<\/p>","protected":false},"excerpt":{"rendered":"<p>[vc_section css=&#8221;.vc_custom_1568287355432{padding-top: 80px !important;padding-bottom: 80px !important;}&#8221;][vc_row][vc_column][\/vc_column][\/vc_row][vc_row][vc_column][vc_column_text] POL\u00cdTICA DE PRIVACIDAD Para navegar por este sitio web, no se requieren datos de usuario, sin embargo, hay \u00e1reas en las que se solicitan estos datos. Los datos recopilados se utilizan \u00fanicamente para uso interno con el fin de cumplir con las solicitudes y contactos realizados a trav\u00e9s del [&hellip;]<\/p>\n","protected":false},"author":2,"featured_media":0,"parent":0,"menu_order":0,"comment_status":"closed","ping_status":"open","template":"","meta":{"_monsterinsights_skip_tracking":false,"_monsterinsights_sitenote_active":false,"_monsterinsights_sitenote_note":"","_monsterinsights_sitenote_category":0,"footnotes":""},"class_list":["post-4502","page","type-page","status-publish","hentry"],"yoast_head":"<!-- This site is optimized with the Yoast SEO plugin v25.5 - https:\/\/yoast.com\/wordpress\/plugins\/seo\/ -->\n<title>Pol\u00edtica de privacidad - Produtiva<\/title>\n<meta name=\"robots\" content=\"index, follow, max-snippet:-1, max-image-preview:large, max-video-preview:-1\" \/>\n<link rel=\"canonical\" href=\"https:\/\/www.produtiva.net\/v4\/es\/politica-de-privacidad\/\" \/>\n<meta property=\"og:locale\" content=\"pt_PT\" \/>\n<meta property=\"og:type\" content=\"article\" \/>\n<meta property=\"og:title\" content=\"Pol\u00edtica de privacidad - Produtiva\" \/>\n<meta property=\"og:description\" content=\"[vc_section css=&#8221;.vc_custom_1568287355432{padding-top: 80px !important;padding-bottom: 80px !important;}&#8221;][vc_row][vc_column][\/vc_column][\/vc_row][vc_row][vc_column][vc_column_text] POL\u00cdTICA DE PRIVACIDAD Para navegar por este sitio web, no se requieren datos de usuario, sin embargo, hay \u00e1reas en las que se solicitan estos datos. Los datos recopilados se utilizan \u00fanicamente para uso interno con el fin de cumplir con las solicitudes y contactos realizados a trav\u00e9s del [&hellip;]\" \/>\n<meta property=\"og:url\" content=\"https:\/\/www.produtiva.net\/v4\/es\/politica-de-privacidad\/\" \/>\n<meta property=\"og:site_name\" content=\"Produtiva\" \/>\n<meta property=\"article:modified_time\" content=\"2020-08-25T08:55:47+00:00\" \/>\n<meta name=\"twitter:card\" content=\"summary_large_image\" \/>\n<meta name=\"twitter:label1\" content=\"Tempo estimado de leitura\" \/>\n\t<meta name=\"twitter:data1\" content=\"3 minutos\" \/>\n<script type=\"application\/ld+json\" class=\"yoast-schema-graph\">{\"@context\":\"https:\/\/schema.org\",\"@graph\":[{\"@type\":\"WebPage\",\"@id\":\"https:\/\/www.produtiva.net\/v4\/es\/politica-de-privacidad\/\",\"url\":\"https:\/\/www.produtiva.net\/v4\/es\/politica-de-privacidad\/\",\"name\":\"Pol\u00edtica de privacidad - Produtiva\",\"isPartOf\":{\"@id\":\"https:\/\/www.produtiva.net\/v4\/#website\"},\"datePublished\":\"2020-08-24T15:32:07+00:00\",\"dateModified\":\"2020-08-25T08:55:47+00:00\",\"breadcrumb\":{\"@id\":\"https:\/\/www.produtiva.net\/v4\/es\/politica-de-privacidad\/#breadcrumb\"},\"inLanguage\":\"pt-PT\",\"potentialAction\":[{\"@type\":\"ReadAction\",\"target\":[\"https:\/\/www.produtiva.net\/v4\/es\/politica-de-privacidad\/\"]}]},{\"@type\":\"BreadcrumbList\",\"@id\":\"https:\/\/www.produtiva.net\/v4\/es\/politica-de-privacidad\/#breadcrumb\",\"itemListElement\":[{\"@type\":\"ListItem\",\"position\":1,\"name\":\"In\u00edcio\",\"item\":\"https:\/\/www.produtiva.net\/v4\/\"},{\"@type\":\"ListItem\",\"position\":2,\"name\":\"Pol\u00edtica de privacidad\"}]},{\"@type\":\"WebSite\",\"@id\":\"https:\/\/www.produtiva.net\/v4\/#website\",\"url\":\"https:\/\/www.produtiva.net\/v4\/\",\"name\":\"Produtiva\",\"description\":\"SA\",\"publisher\":{\"@id\":\"https:\/\/www.produtiva.net\/v4\/#organization\"},\"potentialAction\":[{\"@type\":\"SearchAction\",\"target\":{\"@type\":\"EntryPoint\",\"urlTemplate\":\"https:\/\/www.produtiva.net\/v4\/?s={search_term_string}\"},\"query-input\":{\"@type\":\"PropertyValueSpecification\",\"valueRequired\":true,\"valueName\":\"search_term_string\"}}],\"inLanguage\":\"pt-PT\"},{\"@type\":\"Organization\",\"@id\":\"https:\/\/www.produtiva.net\/v4\/#organization\",\"name\":\"Produtiva\",\"url\":\"https:\/\/www.produtiva.net\/v4\/\",\"logo\":{\"@type\":\"ImageObject\",\"inLanguage\":\"pt-PT\",\"@id\":\"https:\/\/www.produtiva.net\/v4\/#\/schema\/logo\/image\/\",\"url\":\"https:\/\/www.produtiva.net\/v4\/wp-content\/uploads\/2019\/08\/logo-produtiva-black.png\",\"contentUrl\":\"https:\/\/www.produtiva.net\/v4\/wp-content\/uploads\/2019\/08\/logo-produtiva-black.png\",\"width\":238,\"height\":52,\"caption\":\"Produtiva\"},\"image\":{\"@id\":\"https:\/\/www.produtiva.net\/v4\/#\/schema\/logo\/image\/\"}}]}<\/script>\n<!-- \/ Yoast SEO plugin. -->","yoast_head_json":{"title":"Pol\u00edtica de privacidad - Produtiva","robots":{"index":"index","follow":"follow","max-snippet":"max-snippet:-1","max-image-preview":"max-image-preview:large","max-video-preview":"max-video-preview:-1"},"canonical":"https:\/\/www.produtiva.net\/v4\/es\/politica-de-privacidad\/","og_locale":"pt_PT","og_type":"article","og_title":"Pol\u00edtica de privacidad - Produtiva","og_description":"[vc_section css=&#8221;.vc_custom_1568287355432{padding-top: 80px !important;padding-bottom: 80px !important;}&#8221;][vc_row][vc_column][\/vc_column][\/vc_row][vc_row][vc_column][vc_column_text] POL\u00cdTICA DE PRIVACIDAD Para navegar por este sitio web, no se requieren datos de usuario, sin embargo, hay \u00e1reas en las que se solicitan estos datos. Los datos recopilados se utilizan \u00fanicamente para uso interno con el fin de cumplir con las solicitudes y contactos realizados a trav\u00e9s del [&hellip;]","og_url":"https:\/\/www.produtiva.net\/v4\/es\/politica-de-privacidad\/","og_site_name":"Produtiva","article_modified_time":"2020-08-25T08:55:47+00:00","twitter_card":"summary_large_image","twitter_misc":{"Tempo estimado de leitura":"3 minutos"},"schema":{"@context":"https:\/\/schema.org","@graph":[{"@type":"WebPage","@id":"https:\/\/www.produtiva.net\/v4\/es\/politica-de-privacidad\/","url":"https:\/\/www.produtiva.net\/v4\/es\/politica-de-privacidad\/","name":"Pol\u00edtica de privacidad - Produtiva","isPartOf":{"@id":"https:\/\/www.produtiva.net\/v4\/#website"},"datePublished":"2020-08-24T15:32:07+00:00","dateModified":"2020-08-25T08:55:47+00:00","breadcrumb":{"@id":"https:\/\/www.produtiva.net\/v4\/es\/politica-de-privacidad\/#breadcrumb"},"inLanguage":"pt-PT","potentialAction":[{"@type":"ReadAction","target":["https:\/\/www.produtiva.net\/v4\/es\/politica-de-privacidad\/"]}]},{"@type":"BreadcrumbList","@id":"https:\/\/www.produtiva.net\/v4\/es\/politica-de-privacidad\/#breadcrumb","itemListElement":[{"@type":"ListItem","position":1,"name":"In\u00edcio","item":"https:\/\/www.produtiva.net\/v4\/"},{"@type":"ListItem","position":2,"name":"Pol\u00edtica de privacidad"}]},{"@type":"WebSite","@id":"https:\/\/www.produtiva.net\/v4\/#website","url":"https:\/\/www.produtiva.net\/v4\/","name":"Produtiva","description":"SA","publisher":{"@id":"https:\/\/www.produtiva.net\/v4\/#organization"},"potentialAction":[{"@type":"SearchAction","target":{"@type":"EntryPoint","urlTemplate":"https:\/\/www.produtiva.net\/v4\/?s={search_term_string}"},"query-input":{"@type":"PropertyValueSpecification","valueRequired":true,"valueName":"search_term_string"}}],"inLanguage":"pt-PT"},{"@type":"Organization","@id":"https:\/\/www.produtiva.net\/v4\/#organization","name":"Produtiva","url":"https:\/\/www.produtiva.net\/v4\/","logo":{"@type":"ImageObject","inLanguage":"pt-PT","@id":"https:\/\/www.produtiva.net\/v4\/#\/schema\/logo\/image\/","url":"https:\/\/www.produtiva.net\/v4\/wp-content\/uploads\/2019\/08\/logo-produtiva-black.png","contentUrl":"https:\/\/www.produtiva.net\/v4\/wp-content\/uploads\/2019\/08\/logo-produtiva-black.png","width":238,"height":52,"caption":"Produtiva"},"image":{"@id":"https:\/\/www.produtiva.net\/v4\/#\/schema\/logo\/image\/"}}]}},"_links":{"self":[{"href":"https:\/\/www.produtiva.net\/v4\/wp-json\/wp\/v2\/pages\/4502","targetHints":{"allow":["GET"]}}],"collection":[{"href":"https:\/\/www.produtiva.net\/v4\/wp-json\/wp\/v2\/pages"}],"about":[{"href":"https:\/\/www.produtiva.net\/v4\/wp-json\/wp\/v2\/types\/page"}],"author":[{"embeddable":true,"href":"https:\/\/www.produtiva.net\/v4\/wp-json\/wp\/v2\/users\/2"}],"replies":[{"embeddable":true,"href":"https:\/\/www.produtiva.net\/v4\/wp-json\/wp\/v2\/comments?post=4502"}],"version-history":[{"count":4,"href":"https:\/\/www.produtiva.net\/v4\/wp-json\/wp\/v2\/pages\/4502\/revisions"}],"predecessor-version":[{"id":4568,"href":"https:\/\/www.produtiva.net\/v4\/wp-json\/wp\/v2\/pages\/4502\/revisions\/4568"}],"wp:attachment":[{"href":"https:\/\/www.produtiva.net\/v4\/wp-json\/wp\/v2\/media?parent=4502"}],"curies":[{"name":"wp","href":"https:\/\/api.w.org\/{rel}","templated":true}]}}