{"id":5430,"date":"2022-08-12T15:48:12","date_gmt":"2022-08-12T15:48:12","guid":{"rendered":"https:\/\/www.produtiva.net\/v4\/?page_id=5430"},"modified":"2022-08-12T15:48:12","modified_gmt":"2022-08-12T15:48:12","slug":"react","status":"publish","type":"page","link":"https:\/\/www.produtiva.net\/v4\/react\/","title":{"rendered":"PRO(IN)D 4.0"},"content":{"rendered":"<p>[vc_section css=&#8221;.vc_custom_1568287355432{padding-top: 80px !important;padding-bottom: 80px !important;}&#8221;][vc_row][vc_column]<div class=\" agni-section-heading text-center ihda\" ><h2 class=\"section-heading-text \" style=\"font-size:36px;\"><span>PRO(IN)D 4.0<\/span><\/h2><\/div>[\/vc_column][\/vc_row][vc_row][vc_column][vc_column_text]<\/p>\r\n<p><strong><img decoding=\"async\" class=\"alignnone wp-image-5438 lazyload\" data-src=\"https:\/\/www.produtiva.net\/v4\/wp-content\/uploads\/2022\/08\/aaaPicture-1-1024x307.jpg\" alt=\"\" width=\"567\" height=\"170\" data-srcset=\"https:\/\/www.produtiva.net\/v4\/wp-content\/uploads\/2022\/08\/aaaPicture-1-1024x307.jpg 1024w, https:\/\/www.produtiva.net\/v4\/wp-content\/uploads\/2022\/08\/aaaPicture-1-300x90.jpg 300w, https:\/\/www.produtiva.net\/v4\/wp-content\/uploads\/2022\/08\/aaaPicture-1-768x230.jpg 768w, https:\/\/www.produtiva.net\/v4\/wp-content\/uploads\/2022\/08\/aaaPicture-1-960x288.jpg 960w, https:\/\/www.produtiva.net\/v4\/wp-content\/uploads\/2022\/08\/aaaPicture-1.jpg 1181w\" data-sizes=\"(max-width: 567px) 100vw, 567px\" src=\"data:image\/svg+xml;base64,PHN2ZyB3aWR0aD0iMSIgaGVpZ2h0PSIxIiB4bWxucz0iaHR0cDovL3d3dy53My5vcmcvMjAwMC9zdmciPjwvc3ZnPg==\" style=\"--smush-placeholder-width: 567px; --smush-placeholder-aspect-ratio: 567\/170;\" \/><\/strong><\/p>\r\n<p><strong>Designa\u00e7\u00e3o do projeto<\/strong> | PRO(IN)D 4.0<\/p>\r\n<p><strong>C\u00f3digo do projeto<\/strong> | POCI-07-62H2-FEDER-180307<\/p>\r\n<p><strong>Objetivo principal<\/strong>| Apoio \u00e0 transi\u00e7\u00e3o clim\u00e1tica | Inova\u00e7\u00e3o Empresarial &#8211; Economia Circular, Transi\u00e7\u00e3o Clim\u00e1tica e Energ\u00e9tica<\/p>\r\n<p><strong>Regi\u00e3o de interven\u00e7\u00e3o<\/strong> | NORTE<\/p>\r\n<p><strong>Entidade benefici\u00e1ria<\/strong> | PRODUTIVA- F\u00c1BRICA DE REDES, S.A.<\/p>\r\n<p>&nbsp;<\/p>\r\n<p><strong>Data de aprova\u00e7\u00e3o<\/strong> | 20-05-2022<\/p>\r\n<p><strong>Data de in\u00edcio<\/strong> | 29-11-2021<\/p>\r\n<p><strong>Data de conclus\u00e3o<\/strong> | 30-06-2023<\/p>\r\n<p><strong>Custo total eleg\u00edvel<\/strong> | 1.137.551,16 \u20ac<\/p>\r\n<p><strong>Apoio financeiro da Uni\u00e3o Europeia<\/strong> | 341.265,35 \u20ac<\/p>\r\n<p>&nbsp;<\/p>\r\n<h2 class=\"wp-block-heading\"><img decoding=\"async\" class=\"alignnone size-medium wp-image-5435 lazyload\" data-src=\"https:\/\/www.produtiva.net\/v4\/wp-content\/uploads\/2022\/08\/Fichaprojeto-300x117.jpg\" alt=\"\" width=\"300\" height=\"117\" data-srcset=\"https:\/\/www.produtiva.net\/v4\/wp-content\/uploads\/2022\/08\/Fichaprojeto-300x117.jpg 300w, https:\/\/www.produtiva.net\/v4\/wp-content\/uploads\/2022\/08\/Fichaprojeto.jpg 445w\" data-sizes=\"(max-width: 300px) 100vw, 300px\" src=\"data:image\/svg+xml;base64,PHN2ZyB3aWR0aD0iMSIgaGVpZ2h0PSIxIiB4bWxucz0iaHR0cDovL3d3dy53My5vcmcvMjAwMC9zdmciPjwvc3ZnPg==\" style=\"--smush-placeholder-width: 300px; --smush-placeholder-aspect-ratio: 300\/117;\" \/><\/h2>\r\n<p>&nbsp;<\/p>\r\n<h2>Objetivos, atividades e resultados esperados\/atingidos<\/h2>\r\n<p>O projeto prev\u00ea a aquisi\u00e7\u00e3o de equipamentos produtivos com tecnologia <em>core<\/em> da I4.0 e software de apoio \u00e0 produ\u00e7\u00e3o, para aumento da capacidade produtiva e fabrico mais eficiente dos produtos. O promotor ir\u00e1 ainda agilizar todo o seu processo interno atrav\u00e9s da implementa\u00e7\u00e3o de novos sistemas de gest\u00e3o.<\/p>\r\n<p><strong><img decoding=\"async\" class=\"alignnone wp-image-5438 lazyload\" data-src=\"https:\/\/www.produtiva.net\/v4\/wp-content\/uploads\/2022\/08\/aaaPicture-1-1024x307.jpg\" alt=\"\" width=\"567\" height=\"170\" data-srcset=\"https:\/\/www.produtiva.net\/v4\/wp-content\/uploads\/2022\/08\/aaaPicture-1-1024x307.jpg 1024w, https:\/\/www.produtiva.net\/v4\/wp-content\/uploads\/2022\/08\/aaaPicture-1-300x90.jpg 300w, https:\/\/www.produtiva.net\/v4\/wp-content\/uploads\/2022\/08\/aaaPicture-1-768x230.jpg 768w, https:\/\/www.produtiva.net\/v4\/wp-content\/uploads\/2022\/08\/aaaPicture-1-960x288.jpg 960w, https:\/\/www.produtiva.net\/v4\/wp-content\/uploads\/2022\/08\/aaaPicture-1.jpg 1181w\" data-sizes=\"(max-width: 567px) 100vw, 567px\" src=\"data:image\/svg+xml;base64,PHN2ZyB3aWR0aD0iMSIgaGVpZ2h0PSIxIiB4bWxucz0iaHR0cDovL3d3dy53My5vcmcvMjAwMC9zdmciPjwvc3ZnPg==\" style=\"--smush-placeholder-width: 567px; --smush-placeholder-aspect-ratio: 567\/170;\" \/><\/strong><\/p>\r\n<p>&nbsp;<\/p>\r\n<p>[\/vc_column_text][\/vc_column][\/vc_row][\/vc_section]<\/p>","protected":false},"excerpt":{"rendered":"<p>[vc_section css=&#8221;.vc_custom_1568287355432{padding-top: 80px !important;padding-bottom: 80px !important;}&#8221;][vc_row][vc_column][\/vc_column][\/vc_row][vc_row][vc_column][vc_column_text] Designa\u00e7\u00e3o do projeto | PRO(IN)D 4.0 C\u00f3digo do projeto | POCI-07-62H2-FEDER-180307 Objetivo principal| Apoio \u00e0 transi\u00e7\u00e3o clim\u00e1tica | Inova\u00e7\u00e3o Empresarial &#8211; Economia Circular, Transi\u00e7\u00e3o Clim\u00e1tica e Energ\u00e9tica Regi\u00e3o de interven\u00e7\u00e3o | NORTE Entidade benefici\u00e1ria | PRODUTIVA- F\u00c1BRICA DE REDES, S.A. &nbsp; Data de aprova\u00e7\u00e3o | 20-05-2022 Data de in\u00edcio [&hellip;]<\/p>\n","protected":false},"author":2,"featured_media":0,"parent":0,"menu_order":0,"comment_status":"closed","ping_status":"open","template":"","meta":{"_monsterinsights_skip_tracking":false,"_monsterinsights_sitenote_active":false,"_monsterinsights_sitenote_note":"","_monsterinsights_sitenote_category":0,"footnotes":""},"class_list":["post-5430","page","type-page","status-publish","hentry"],"yoast_head":"<!-- This site is optimized with the Yoast SEO plugin v25.5 - https:\/\/yoast.com\/wordpress\/plugins\/seo\/ -->\n<title>PRO(IN)D 4.0 - Produtiva<\/title>\n<meta name=\"robots\" content=\"index, follow, max-snippet:-1, max-image-preview:large, max-video-preview:-1\" \/>\n<link rel=\"canonical\" href=\"https:\/\/www.produtiva.net\/v4\/react\/\" \/>\n<meta property=\"og:locale\" content=\"pt_PT\" \/>\n<meta property=\"og:type\" content=\"article\" \/>\n<meta property=\"og:title\" content=\"PRO(IN)D 4.0 - Produtiva\" \/>\n<meta property=\"og:description\" content=\"[vc_section css=&#8221;.vc_custom_1568287355432{padding-top: 80px !important;padding-bottom: 80px !important;}&#8221;][vc_row][vc_column][\/vc_column][\/vc_row][vc_row][vc_column][vc_column_text] Designa\u00e7\u00e3o do projeto | PRO(IN)D 4.0 C\u00f3digo do projeto | POCI-07-62H2-FEDER-180307 Objetivo principal| Apoio \u00e0 transi\u00e7\u00e3o clim\u00e1tica | Inova\u00e7\u00e3o Empresarial &#8211; Economia Circular, Transi\u00e7\u00e3o Clim\u00e1tica e Energ\u00e9tica Regi\u00e3o de interven\u00e7\u00e3o | NORTE Entidade benefici\u00e1ria | PRODUTIVA- F\u00c1BRICA DE REDES, S.A. &nbsp; Data de aprova\u00e7\u00e3o | 20-05-2022 Data de in\u00edcio [&hellip;]\" \/>\n<meta property=\"og:url\" content=\"https:\/\/www.produtiva.net\/v4\/react\/\" \/>\n<meta property=\"og:site_name\" content=\"Produtiva\" \/>\n<meta property=\"og:image\" content=\"https:\/\/www.produtiva.net\/v4\/wp-content\/uploads\/2022\/08\/aaaPicture-1-1024x307.jpg\" \/>\n<meta name=\"twitter:card\" content=\"summary_large_image\" \/>\n<meta name=\"twitter:label1\" content=\"Tempo estimado de leitura\" \/>\n\t<meta name=\"twitter:data1\" content=\"1 minuto\" \/>\n<script type=\"application\/ld+json\" class=\"yoast-schema-graph\">{\"@context\":\"https:\/\/schema.org\",\"@graph\":[{\"@type\":\"WebPage\",\"@id\":\"https:\/\/www.produtiva.net\/v4\/react\/\",\"url\":\"https:\/\/www.produtiva.net\/v4\/react\/\",\"name\":\"PRO(IN)D 4.0 - Produtiva\",\"isPartOf\":{\"@id\":\"https:\/\/www.produtiva.net\/v4\/#website\"},\"primaryImageOfPage\":{\"@id\":\"https:\/\/www.produtiva.net\/v4\/react\/#primaryimage\"},\"image\":{\"@id\":\"https:\/\/www.produtiva.net\/v4\/react\/#primaryimage\"},\"thumbnailUrl\":\"https:\/\/www.produtiva.net\/v4\/wp-content\/uploads\/2022\/08\/aaaPicture-1-1024x307.jpg\",\"datePublished\":\"2022-08-12T15:48:12+00:00\",\"breadcrumb\":{\"@id\":\"https:\/\/www.produtiva.net\/v4\/react\/#breadcrumb\"},\"inLanguage\":\"pt-PT\",\"potentialAction\":[{\"@type\":\"ReadAction\",\"target\":[\"https:\/\/www.produtiva.net\/v4\/react\/\"]}]},{\"@type\":\"ImageObject\",\"inLanguage\":\"pt-PT\",\"@id\":\"https:\/\/www.produtiva.net\/v4\/react\/#primaryimage\",\"url\":\"https:\/\/www.produtiva.net\/v4\/wp-content\/uploads\/2022\/08\/aaaPicture-1.jpg\",\"contentUrl\":\"https:\/\/www.produtiva.net\/v4\/wp-content\/uploads\/2022\/08\/aaaPicture-1.jpg\",\"width\":1181,\"height\":354},{\"@type\":\"BreadcrumbList\",\"@id\":\"https:\/\/www.produtiva.net\/v4\/react\/#breadcrumb\",\"itemListElement\":[{\"@type\":\"ListItem\",\"position\":1,\"name\":\"In\u00edcio\",\"item\":\"https:\/\/www.produtiva.net\/v4\/\"},{\"@type\":\"ListItem\",\"position\":2,\"name\":\"PRO(IN)D 4.0\"}]},{\"@type\":\"WebSite\",\"@id\":\"https:\/\/www.produtiva.net\/v4\/#website\",\"url\":\"https:\/\/www.produtiva.net\/v4\/\",\"name\":\"Produtiva\",\"description\":\"SA\",\"publisher\":{\"@id\":\"https:\/\/www.produtiva.net\/v4\/#organization\"},\"potentialAction\":[{\"@type\":\"SearchAction\",\"target\":{\"@type\":\"EntryPoint\",\"urlTemplate\":\"https:\/\/www.produtiva.net\/v4\/?s={search_term_string}\"},\"query-input\":{\"@type\":\"PropertyValueSpecification\",\"valueRequired\":true,\"valueName\":\"search_term_string\"}}],\"inLanguage\":\"pt-PT\"},{\"@type\":\"Organization\",\"@id\":\"https:\/\/www.produtiva.net\/v4\/#organization\",\"name\":\"Produtiva\",\"url\":\"https:\/\/www.produtiva.net\/v4\/\",\"logo\":{\"@type\":\"ImageObject\",\"inLanguage\":\"pt-PT\",\"@id\":\"https:\/\/www.produtiva.net\/v4\/#\/schema\/logo\/image\/\",\"url\":\"https:\/\/www.produtiva.net\/v4\/wp-content\/uploads\/2019\/08\/logo-produtiva-black.png\",\"contentUrl\":\"https:\/\/www.produtiva.net\/v4\/wp-content\/uploads\/2019\/08\/logo-produtiva-black.png\",\"width\":238,\"height\":52,\"caption\":\"Produtiva\"},\"image\":{\"@id\":\"https:\/\/www.produtiva.net\/v4\/#\/schema\/logo\/image\/\"}}]}<\/script>\n<!-- \/ Yoast SEO plugin. -->","yoast_head_json":{"title":"PRO(IN)D 4.0 - Produtiva","robots":{"index":"index","follow":"follow","max-snippet":"max-snippet:-1","max-image-preview":"max-image-preview:large","max-video-preview":"max-video-preview:-1"},"canonical":"https:\/\/www.produtiva.net\/v4\/react\/","og_locale":"pt_PT","og_type":"article","og_title":"PRO(IN)D 4.0 - Produtiva","og_description":"[vc_section css=&#8221;.vc_custom_1568287355432{padding-top: 80px !important;padding-bottom: 80px !important;}&#8221;][vc_row][vc_column][\/vc_column][\/vc_row][vc_row][vc_column][vc_column_text] Designa\u00e7\u00e3o do projeto | PRO(IN)D 4.0 C\u00f3digo do projeto | POCI-07-62H2-FEDER-180307 Objetivo principal| Apoio \u00e0 transi\u00e7\u00e3o clim\u00e1tica | Inova\u00e7\u00e3o Empresarial &#8211; Economia Circular, Transi\u00e7\u00e3o Clim\u00e1tica e Energ\u00e9tica Regi\u00e3o de interven\u00e7\u00e3o | NORTE Entidade benefici\u00e1ria | PRODUTIVA- F\u00c1BRICA DE REDES, S.A. &nbsp; Data de aprova\u00e7\u00e3o | 20-05-2022 Data de in\u00edcio [&hellip;]","og_url":"https:\/\/www.produtiva.net\/v4\/react\/","og_site_name":"Produtiva","og_image":[{"url":"https:\/\/www.produtiva.net\/v4\/wp-content\/uploads\/2022\/08\/aaaPicture-1-1024x307.jpg","type":"","width":"","height":""}],"twitter_card":"summary_large_image","twitter_misc":{"Tempo estimado de leitura":"1 minuto"},"schema":{"@context":"https:\/\/schema.org","@graph":[{"@type":"WebPage","@id":"https:\/\/www.produtiva.net\/v4\/react\/","url":"https:\/\/www.produtiva.net\/v4\/react\/","name":"PRO(IN)D 4.0 - Produtiva","isPartOf":{"@id":"https:\/\/www.produtiva.net\/v4\/#website"},"primaryImageOfPage":{"@id":"https:\/\/www.produtiva.net\/v4\/react\/#primaryimage"},"image":{"@id":"https:\/\/www.produtiva.net\/v4\/react\/#primaryimage"},"thumbnailUrl":"https:\/\/www.produtiva.net\/v4\/wp-content\/uploads\/2022\/08\/aaaPicture-1-1024x307.jpg","datePublished":"2022-08-12T15:48:12+00:00","breadcrumb":{"@id":"https:\/\/www.produtiva.net\/v4\/react\/#breadcrumb"},"inLanguage":"pt-PT","potentialAction":[{"@type":"ReadAction","target":["https:\/\/www.produtiva.net\/v4\/react\/"]}]},{"@type":"ImageObject","inLanguage":"pt-PT","@id":"https:\/\/www.produtiva.net\/v4\/react\/#primaryimage","url":"https:\/\/www.produtiva.net\/v4\/wp-content\/uploads\/2022\/08\/aaaPicture-1.jpg","contentUrl":"https:\/\/www.produtiva.net\/v4\/wp-content\/uploads\/2022\/08\/aaaPicture-1.jpg","width":1181,"height":354},{"@type":"BreadcrumbList","@id":"https:\/\/www.produtiva.net\/v4\/react\/#breadcrumb","itemListElement":[{"@type":"ListItem","position":1,"name":"In\u00edcio","item":"https:\/\/www.produtiva.net\/v4\/"},{"@type":"ListItem","position":2,"name":"PRO(IN)D 4.0"}]},{"@type":"WebSite","@id":"https:\/\/www.produtiva.net\/v4\/#website","url":"https:\/\/www.produtiva.net\/v4\/","name":"Produtiva","description":"SA","publisher":{"@id":"https:\/\/www.produtiva.net\/v4\/#organization"},"potentialAction":[{"@type":"SearchAction","target":{"@type":"EntryPoint","urlTemplate":"https:\/\/www.produtiva.net\/v4\/?s={search_term_string}"},"query-input":{"@type":"PropertyValueSpecification","valueRequired":true,"valueName":"search_term_string"}}],"inLanguage":"pt-PT"},{"@type":"Organization","@id":"https:\/\/www.produtiva.net\/v4\/#organization","name":"Produtiva","url":"https:\/\/www.produtiva.net\/v4\/","logo":{"@type":"ImageObject","inLanguage":"pt-PT","@id":"https:\/\/www.produtiva.net\/v4\/#\/schema\/logo\/image\/","url":"https:\/\/www.produtiva.net\/v4\/wp-content\/uploads\/2019\/08\/logo-produtiva-black.png","contentUrl":"https:\/\/www.produtiva.net\/v4\/wp-content\/uploads\/2019\/08\/logo-produtiva-black.png","width":238,"height":52,"caption":"Produtiva"},"image":{"@id":"https:\/\/www.produtiva.net\/v4\/#\/schema\/logo\/image\/"}}]}},"_links":{"self":[{"href":"https:\/\/www.produtiva.net\/v4\/wp-json\/wp\/v2\/pages\/5430","targetHints":{"allow":["GET"]}}],"collection":[{"href":"https:\/\/www.produtiva.net\/v4\/wp-json\/wp\/v2\/pages"}],"about":[{"href":"https:\/\/www.produtiva.net\/v4\/wp-json\/wp\/v2\/types\/page"}],"author":[{"embeddable":true,"href":"https:\/\/www.produtiva.net\/v4\/wp-json\/wp\/v2\/users\/2"}],"replies":[{"embeddable":true,"href":"https:\/\/www.produtiva.net\/v4\/wp-json\/wp\/v2\/comments?post=5430"}],"version-history":[{"count":6,"href":"https:\/\/www.produtiva.net\/v4\/wp-json\/wp\/v2\/pages\/5430\/revisions"}],"predecessor-version":[{"id":5444,"href":"https:\/\/www.produtiva.net\/v4\/wp-json\/wp\/v2\/pages\/5430\/revisions\/5444"}],"wp:attachment":[{"href":"https:\/\/www.produtiva.net\/v4\/wp-json\/wp\/v2\/media?parent=5430"}],"curies":[{"name":"wp","href":"https:\/\/api.w.org\/{rel}","templated":true}]}}