{"id":897,"date":"2019-02-21T02:03:28","date_gmt":"2019-02-21T02:03:28","guid":{"rendered":"https:\/\/www.produtiva.net\/v4\/?page_id=897"},"modified":"2020-01-10T02:32:31","modified_gmt":"2020-01-10T02:32:31","slug":"galeria","status":"publish","type":"page","link":"https:\/\/www.produtiva.net\/v4\/galeria\/","title":{"rendered":"Galeria"},"content":{"rendered":"<p>[vc_section css=&#8221;.vc_custom_1550725041833{padding-top: 80px !important;padding-bottom: 80px !important;}&#8221;][vc_row][vc_column animation=&#8221;1&#8243; animation_style=&#8221;fadeIn&#8221;]<div class=\" agni-section-heading text-center ihda\" ><h2 class=\"section-heading-text \" style=\"font-size:36px;\"><span>Galeria<\/span><\/h2><\/div>[\/vc_column][\/vc_row][\/vc_section][vc_section][vc_row fullwidth=&#8221;has-fullwidth-column-no-padding&#8221;][vc_column animation=&#8221;1&#8243; animation_style=&#8221;fadeIn&#8221;]<div class=\"agni-gallery img-carousel \"><div class=\"agni-gallery-row row grid-gallery \" data-grid=\"masonry\" style=\"margin: 0 -0px -0px;\"><div class=\"col-xs-12 col-sm-12 col-md-6 custom-gallery-item agni-gallery-column\" style=\"padding: 0 0px 0px; \" ><figure class=\"agni-gallery-figure\"><img decoding=\"async\" width=\"800\" height=\"360\" data-src=\"https:\/\/www.produtiva.net\/v4\/wp-content\/uploads\/2019\/02\/galeriahome.png\" class=\"attachment-full size-full lazyload\" alt=\"\" data-srcset=\"https:\/\/www.produtiva.net\/v4\/wp-content\/uploads\/2019\/02\/galeriahome.png 800w, https:\/\/www.produtiva.net\/v4\/wp-content\/uploads\/2019\/02\/galeriahome-300x135.png 300w, https:\/\/www.produtiva.net\/v4\/wp-content\/uploads\/2019\/02\/galeriahome-768x346.png 768w\" data-sizes=\"(max-width: 800px) 100vw, 800px\" src=\"data:image\/svg+xml;base64,PHN2ZyB3aWR0aD0iMSIgaGVpZ2h0PSIxIiB4bWxucz0iaHR0cDovL3d3dy53My5vcmcvMjAwMC9zdmciPjwvc3ZnPg==\" style=\"--smush-placeholder-width: 800px; --smush-placeholder-aspect-ratio: 800\/360;\" \/><\/figure><\/div><div class=\"col-xs-12 col-sm-12 col-md-6 custom-gallery-item agni-gallery-column\" style=\"padding: 0 0px 0px; \" ><figure class=\"agni-gallery-figure\"><img decoding=\"async\" width=\"1600\" height=\"700\" data-src=\"https:\/\/www.produtiva.net\/v4\/wp-content\/uploads\/2019\/02\/empresa.jpg\" class=\"attachment-full size-full lazyload\" alt=\"\" data-srcset=\"https:\/\/www.produtiva.net\/v4\/wp-content\/uploads\/2019\/02\/empresa.jpg 1600w, https:\/\/www.produtiva.net\/v4\/wp-content\/uploads\/2019\/02\/empresa-300x131.jpg 300w, https:\/\/www.produtiva.net\/v4\/wp-content\/uploads\/2019\/02\/empresa-768x336.jpg 768w, https:\/\/www.produtiva.net\/v4\/wp-content\/uploads\/2019\/02\/empresa-1024x448.jpg 1024w, https:\/\/www.produtiva.net\/v4\/wp-content\/uploads\/2019\/02\/empresa-960x420.jpg 960w\" data-sizes=\"(max-width: 1600px) 100vw, 1600px\" src=\"data:image\/svg+xml;base64,PHN2ZyB3aWR0aD0iMSIgaGVpZ2h0PSIxIiB4bWxucz0iaHR0cDovL3d3dy53My5vcmcvMjAwMC9zdmciPjwvc3ZnPg==\" style=\"--smush-placeholder-width: 1600px; --smush-placeholder-aspect-ratio: 1600\/700;\" \/><\/figure><\/div><div class=\"col-xs-12 col-sm-12 col-md-6 custom-gallery-item agni-gallery-column\" style=\"padding: 0 0px 0px; \" ><figure class=\"agni-gallery-figure\"><img decoding=\"async\" width=\"1600\" height=\"720\" data-src=\"https:\/\/www.produtiva.net\/v4\/wp-content\/uploads\/2019\/02\/noticias.jpg\" class=\"attachment-full size-full lazyload\" alt=\"\" data-srcset=\"https:\/\/www.produtiva.net\/v4\/wp-content\/uploads\/2019\/02\/noticias.jpg 1600w, https:\/\/www.produtiva.net\/v4\/wp-content\/uploads\/2019\/02\/noticias-300x135.jpg 300w, https:\/\/www.produtiva.net\/v4\/wp-content\/uploads\/2019\/02\/noticias-768x346.jpg 768w, https:\/\/www.produtiva.net\/v4\/wp-content\/uploads\/2019\/02\/noticias-1024x461.jpg 1024w, https:\/\/www.produtiva.net\/v4\/wp-content\/uploads\/2019\/02\/noticias-960x432.jpg 960w\" data-sizes=\"(max-width: 1600px) 100vw, 1600px\" src=\"data:image\/svg+xml;base64,PHN2ZyB3aWR0aD0iMSIgaGVpZ2h0PSIxIiB4bWxucz0iaHR0cDovL3d3dy53My5vcmcvMjAwMC9zdmciPjwvc3ZnPg==\" style=\"--smush-placeholder-width: 1600px; --smush-placeholder-aspect-ratio: 1600\/720;\" \/><\/figure><\/div><div class=\"col-xs-12 col-sm-12 col-md-6 custom-gallery-item agni-gallery-column\" style=\"padding: 0 0px 0px; \" ><figure class=\"agni-gallery-figure\"><img decoding=\"async\" width=\"800\" height=\"600\" data-src=\"https:\/\/www.produtiva.net\/v4\/wp-content\/uploads\/2019\/02\/prod-qualidade-img-inovacao.jpg\" class=\"attachment-full size-full lazyload\" alt=\"\" data-srcset=\"https:\/\/www.produtiva.net\/v4\/wp-content\/uploads\/2019\/02\/prod-qualidade-img-inovacao.jpg 800w, https:\/\/www.produtiva.net\/v4\/wp-content\/uploads\/2019\/02\/prod-qualidade-img-inovacao-300x225.jpg 300w, https:\/\/www.produtiva.net\/v4\/wp-content\/uploads\/2019\/02\/prod-qualidade-img-inovacao-768x576.jpg 768w\" data-sizes=\"(max-width: 800px) 100vw, 800px\" src=\"data:image\/svg+xml;base64,PHN2ZyB3aWR0aD0iMSIgaGVpZ2h0PSIxIiB4bWxucz0iaHR0cDovL3d3dy53My5vcmcvMjAwMC9zdmciPjwvc3ZnPg==\" style=\"--smush-placeholder-width: 800px; --smush-placeholder-aspect-ratio: 800\/600;\" \/><\/figure><\/div><div class=\"col-xs-12 col-sm-12 col-md-6 custom-gallery-item agni-gallery-column\" style=\"padding: 0 0px 0px; \" ><figure class=\"agni-gallery-figure\"><img decoding=\"async\" width=\"800\" height=\"600\" data-src=\"https:\/\/www.produtiva.net\/v4\/wp-content\/uploads\/2019\/02\/prod-qualidade-img-experiencia.jpg\" class=\"attachment-full size-full lazyload\" alt=\"\" data-srcset=\"https:\/\/www.produtiva.net\/v4\/wp-content\/uploads\/2019\/02\/prod-qualidade-img-experiencia.jpg 800w, https:\/\/www.produtiva.net\/v4\/wp-content\/uploads\/2019\/02\/prod-qualidade-img-experiencia-300x225.jpg 300w, https:\/\/www.produtiva.net\/v4\/wp-content\/uploads\/2019\/02\/prod-qualidade-img-experiencia-768x576.jpg 768w\" data-sizes=\"(max-width: 800px) 100vw, 800px\" src=\"data:image\/svg+xml;base64,PHN2ZyB3aWR0aD0iMSIgaGVpZ2h0PSIxIiB4bWxucz0iaHR0cDovL3d3dy53My5vcmcvMjAwMC9zdmciPjwvc3ZnPg==\" style=\"--smush-placeholder-width: 800px; --smush-placeholder-aspect-ratio: 800\/600;\" \/><\/figure><\/div><div class=\"col-xs-12 col-sm-12 col-md-6 custom-gallery-item agni-gallery-column\" style=\"padding: 0 0px 0px; \" ><figure class=\"agni-gallery-figure\"><img decoding=\"async\" width=\"400\" height=\"400\" data-src=\"https:\/\/www.produtiva.net\/v4\/wp-content\/uploads\/2019\/02\/IMG_3811-web.jpg\" class=\"attachment-full size-full lazyload\" alt=\"\" data-srcset=\"https:\/\/www.produtiva.net\/v4\/wp-content\/uploads\/2019\/02\/IMG_3811-web.jpg 400w, https:\/\/www.produtiva.net\/v4\/wp-content\/uploads\/2019\/02\/IMG_3811-web-150x150.jpg 150w, https:\/\/www.produtiva.net\/v4\/wp-content\/uploads\/2019\/02\/IMG_3811-web-300x300.jpg 300w\" data-sizes=\"(max-width: 400px) 100vw, 400px\" src=\"data:image\/svg+xml;base64,PHN2ZyB3aWR0aD0iMSIgaGVpZ2h0PSIxIiB4bWxucz0iaHR0cDovL3d3dy53My5vcmcvMjAwMC9zdmciPjwvc3ZnPg==\" style=\"--smush-placeholder-width: 400px; --smush-placeholder-aspect-ratio: 400\/400;\" \/><\/figure><\/div><div class=\"col-xs-12 col-sm-12 col-md-6 custom-gallery-item agni-gallery-column\" style=\"padding: 0 0px 0px; \" ><figure class=\"agni-gallery-figure\"><img decoding=\"async\" width=\"400\" height=\"400\" data-src=\"https:\/\/www.produtiva.net\/v4\/wp-content\/uploads\/2019\/02\/IMG_3956-web.jpg\" class=\"attachment-full size-full lazyload\" alt=\"\" data-srcset=\"https:\/\/www.produtiva.net\/v4\/wp-content\/uploads\/2019\/02\/IMG_3956-web.jpg 400w, https:\/\/www.produtiva.net\/v4\/wp-content\/uploads\/2019\/02\/IMG_3956-web-150x150.jpg 150w, https:\/\/www.produtiva.net\/v4\/wp-content\/uploads\/2019\/02\/IMG_3956-web-300x300.jpg 300w\" data-sizes=\"(max-width: 400px) 100vw, 400px\" src=\"data:image\/svg+xml;base64,PHN2ZyB3aWR0aD0iMSIgaGVpZ2h0PSIxIiB4bWxucz0iaHR0cDovL3d3dy53My5vcmcvMjAwMC9zdmciPjwvc3ZnPg==\" style=\"--smush-placeholder-width: 400px; --smush-placeholder-aspect-ratio: 400\/400;\" \/><\/figure><\/div><div class=\"col-xs-12 col-sm-12 col-md-6 custom-gallery-item agni-gallery-column\" style=\"padding: 0 0px 0px; \" ><figure class=\"agni-gallery-figure\"><img decoding=\"async\" width=\"400\" height=\"400\" data-src=\"https:\/\/www.produtiva.net\/v4\/wp-content\/uploads\/2019\/02\/IMG_4028-web.jpg\" class=\"attachment-full size-full lazyload\" alt=\"\" data-srcset=\"https:\/\/www.produtiva.net\/v4\/wp-content\/uploads\/2019\/02\/IMG_4028-web.jpg 400w, https:\/\/www.produtiva.net\/v4\/wp-content\/uploads\/2019\/02\/IMG_4028-web-150x150.jpg 150w, https:\/\/www.produtiva.net\/v4\/wp-content\/uploads\/2019\/02\/IMG_4028-web-300x300.jpg 300w\" data-sizes=\"(max-width: 400px) 100vw, 400px\" src=\"data:image\/svg+xml;base64,PHN2ZyB3aWR0aD0iMSIgaGVpZ2h0PSIxIiB4bWxucz0iaHR0cDovL3d3dy53My5vcmcvMjAwMC9zdmciPjwvc3ZnPg==\" style=\"--smush-placeholder-width: 400px; --smush-placeholder-aspect-ratio: 400\/400;\" \/><\/figure><\/div><div class=\"col-xs-12 col-sm-12 col-md-6 custom-gallery-item agni-gallery-column\" style=\"padding: 0 0px 0px; \" ><figure class=\"agni-gallery-figure\"><img decoding=\"async\" width=\"400\" height=\"400\" data-src=\"https:\/\/www.produtiva.net\/v4\/wp-content\/uploads\/2019\/02\/IMG_4076-web.jpg\" class=\"attachment-full size-full lazyload\" alt=\"\" data-srcset=\"https:\/\/www.produtiva.net\/v4\/wp-content\/uploads\/2019\/02\/IMG_4076-web.jpg 400w, https:\/\/www.produtiva.net\/v4\/wp-content\/uploads\/2019\/02\/IMG_4076-web-150x150.jpg 150w, https:\/\/www.produtiva.net\/v4\/wp-content\/uploads\/2019\/02\/IMG_4076-web-300x300.jpg 300w\" data-sizes=\"(max-width: 400px) 100vw, 400px\" src=\"data:image\/svg+xml;base64,PHN2ZyB3aWR0aD0iMSIgaGVpZ2h0PSIxIiB4bWxucz0iaHR0cDovL3d3dy53My5vcmcvMjAwMC9zdmciPjwvc3ZnPg==\" style=\"--smush-placeholder-width: 400px; --smush-placeholder-aspect-ratio: 400\/400;\" \/><\/figure><\/div><div class=\"col-xs-12 col-sm-12 col-md-6 custom-gallery-item agni-gallery-column\" style=\"padding: 0 0px 0px; \" ><figure class=\"agni-gallery-figure\"><img decoding=\"async\" width=\"800\" height=\"360\" data-src=\"https:\/\/www.produtiva.net\/v4\/wp-content\/uploads\/2019\/02\/IMG_9752-web.jpg\" class=\"attachment-full size-full lazyload\" alt=\"\" data-srcset=\"https:\/\/www.produtiva.net\/v4\/wp-content\/uploads\/2019\/02\/IMG_9752-web.jpg 800w, https:\/\/www.produtiva.net\/v4\/wp-content\/uploads\/2019\/02\/IMG_9752-web-300x135.jpg 300w, https:\/\/www.produtiva.net\/v4\/wp-content\/uploads\/2019\/02\/IMG_9752-web-768x346.jpg 768w\" data-sizes=\"(max-width: 800px) 100vw, 800px\" src=\"data:image\/svg+xml;base64,PHN2ZyB3aWR0aD0iMSIgaGVpZ2h0PSIxIiB4bWxucz0iaHR0cDovL3d3dy53My5vcmcvMjAwMC9zdmciPjwvc3ZnPg==\" style=\"--smush-placeholder-width: 800px; --smush-placeholder-aspect-ratio: 800\/360;\" \/><\/figure><\/div><div class=\"grid-sizer col-xs-12 col-sm-12 col-md-6 \"><\/div><\/div><\/div>[\/vc_column][\/vc_row][\/vc_section][vc_section css=&#8221;.vc_custom_1550727141962{margin-top: 80px !important;margin-bottom: 80px !important;}&#8221;][vc_row][vc_column animation=&#8221;1&#8243; animation_style=&#8221;fadeIn&#8221;][vc_custom_heading text=&#8221;A procura da melhoria cont\u00ednua nos processos e na produ\u00e7\u00e3o s\u00e3o hoje<br \/>\nindissoci\u00e1veis na trajet\u00f3ria de crescimento que projetamos para o futuro&#8221; font_container=&#8221;tag:h4|text_align:center&#8221; use_theme_fonts=&#8221;yes&#8221; css_animation=&#8221;none&#8221; padding_bottom=&#8221;40px&#8221; animation=&#8221;1&#8243; animation_style=&#8221;fadeIn&#8221; custom_heading_font_weight=&#8221;500&#8243;][vc_column_text padding_bottom=&#8221;40px&#8221; animation=&#8221;1&#8243; animation_style=&#8221;fadeIn&#8221;]Com uma certifica\u00e7\u00e3o reconhecida internacionalmente, as solu\u00e7\u00f5es da Produtiva possuem mais um requisito para a sua diferencia\u00e7\u00e3o face \u00e0 concorr\u00eancia.<\/p>\n<p>Desde 1997 que a empresa tem certificado o seu Sistema de Qualidade atrav\u00e9s da norma internacional ISO 9001.<\/p>\n<p>Garantirmos que cada etapa do processo de trabalho est\u00e1 em total conformidade com as mais exigentes normas nacionais e internacionais, come\u00e7ando logo desde a mat\u00e9ria-prima. Importada da Alemanha, It\u00e1lia, Fran\u00e7a e Espanha, todos os fornecedores s\u00e3o escolhidos de acordo com exigentes crit\u00e9rios de sele\u00e7\u00e3o e os seus produtos rigorosamente controlados e certificados.[\/vc_column_text][vc_row_inner][vc_column_inner animation=&#8221;1&#8243; animation_style=&#8221;fadeIn&#8221; padding_bottom=&#8221;40px&#8221;]<div class=\" agni-image custom-image-container text-center\">\r\n\t\t\t<figure class=\"agni-image-figure\">\r\n\t\t\t\t<img decoding=\"async\" width=\"200\" height=\"90\" data-src=\"https:\/\/www.produtiva.net\/v4\/wp-content\/uploads\/2019\/02\/logos-apcer.jpg\" class=\"fullwidth-image attachment-full  attachment-full lazyload\" alt=\"\" src=\"data:image\/svg+xml;base64,PHN2ZyB3aWR0aD0iMSIgaGVpZ2h0PSIxIiB4bWxucz0iaHR0cDovL3d3dy53My5vcmcvMjAwMC9zdmciPjwvc3ZnPg==\" style=\"--smush-placeholder-width: 200px; --smush-placeholder-aspect-ratio: 200\/90;\" \/>\r\n\t\t\t\t<figcaption class=\"vc_figure-caption\"><\/figcaption>\r\n\t\t\t<\/figure>\r\n\t\t<\/div>[\/vc_column_inner][\/vc_row_inner][\/vc_column][\/vc_row][\/vc_section]<\/p>\n","protected":false},"excerpt":{"rendered":"<p>[vc_section css=&#8221;.vc_custom_1550725041833{padding-top: 80px !important;padding-bottom: 80px !important;}&#8221;][vc_row][vc_column animation=&#8221;1&#8243; animation_style=&#8221;fadeIn&#8221;][\/vc_column][\/vc_row][\/vc_section][vc_section][vc_row fullwidth=&#8221;has-fullwidth-column-no-padding&#8221;][vc_column animation=&#8221;1&#8243; animation_style=&#8221;fadeIn&#8221;][\/vc_column][\/vc_row][\/vc_section][vc_section css=&#8221;.vc_custom_1550727141962{margin-top: 80px !important;margin-bottom: 80px !important;}&#8221;][vc_row][vc_column animation=&#8221;1&#8243; animation_style=&#8221;fadeIn&#8221;][vc_custom_heading text=&#8221;A procura da melhoria cont\u00ednua nos processos e na produ\u00e7\u00e3o s\u00e3o hoje indissoci\u00e1veis na trajet\u00f3ria de crescimento que projetamos para o futuro&#8221; font_container=&#8221;tag:h4|text_align:center&#8221; use_theme_fonts=&#8221;yes&#8221; css_animation=&#8221;none&#8221; padding_bottom=&#8221;40px&#8221; animation=&#8221;1&#8243; animation_style=&#8221;fadeIn&#8221; custom_heading_font_weight=&#8221;500&#8243;][vc_column_text padding_bottom=&#8221;40px&#8221; animation=&#8221;1&#8243; animation_style=&#8221;fadeIn&#8221;]Com uma certifica\u00e7\u00e3o reconhecida internacionalmente, as [&hellip;]<\/p>\n","protected":false},"author":1,"featured_media":0,"parent":0,"menu_order":0,"comment_status":"closed","ping_status":"closed","template":"","meta":{"_monsterinsights_skip_tracking":false,"_monsterinsights_sitenote_active":false,"_monsterinsights_sitenote_note":"","_monsterinsights_sitenote_category":0,"footnotes":""},"class_list":["post-897","page","type-page","status-publish","hentry"],"yoast_head":"<!-- This site is optimized with the Yoast SEO plugin v25.5 - https:\/\/yoast.com\/wordpress\/plugins\/seo\/ -->\n<title>Galeria - Produtiva<\/title>\n<meta name=\"robots\" content=\"index, follow, max-snippet:-1, max-image-preview:large, max-video-preview:-1\" \/>\n<link rel=\"canonical\" href=\"https:\/\/www.produtiva.net\/v4\/galeria\/\" \/>\n<meta property=\"og:locale\" content=\"pt_PT\" \/>\n<meta property=\"og:type\" content=\"article\" \/>\n<meta property=\"og:title\" content=\"Galeria - Produtiva\" \/>\n<meta property=\"og:description\" content=\"[vc_section css=&#8221;.vc_custom_1550725041833{padding-top: 80px !important;padding-bottom: 80px !important;}&#8221;][vc_row][vc_column animation=&#8221;1&#8243; animation_style=&#8221;fadeIn&#8221;][\/vc_column][\/vc_row][\/vc_section][vc_section][vc_row fullwidth=&#8221;has-fullwidth-column-no-padding&#8221;][vc_column animation=&#8221;1&#8243; animation_style=&#8221;fadeIn&#8221;][\/vc_column][\/vc_row][\/vc_section][vc_section css=&#8221;.vc_custom_1550727141962{margin-top: 80px !important;margin-bottom: 80px !important;}&#8221;][vc_row][vc_column animation=&#8221;1&#8243; animation_style=&#8221;fadeIn&#8221;][vc_custom_heading text=&#8221;A procura da melhoria cont\u00ednua nos processos e na produ\u00e7\u00e3o s\u00e3o hoje indissoci\u00e1veis na trajet\u00f3ria de crescimento que projetamos para o futuro&#8221; font_container=&#8221;tag:h4|text_align:center&#8221; use_theme_fonts=&#8221;yes&#8221; css_animation=&#8221;none&#8221; padding_bottom=&#8221;40px&#8221; animation=&#8221;1&#8243; animation_style=&#8221;fadeIn&#8221; custom_heading_font_weight=&#8221;500&#8243;][vc_column_text padding_bottom=&#8221;40px&#8221; animation=&#8221;1&#8243; animation_style=&#8221;fadeIn&#8221;]Com uma certifica\u00e7\u00e3o reconhecida internacionalmente, as [&hellip;]\" \/>\n<meta property=\"og:url\" content=\"https:\/\/www.produtiva.net\/v4\/galeria\/\" \/>\n<meta property=\"og:site_name\" content=\"Produtiva\" \/>\n<meta property=\"article:modified_time\" content=\"2020-01-10T02:32:31+00:00\" \/>\n<meta name=\"twitter:card\" content=\"summary_large_image\" \/>\n<meta name=\"twitter:label1\" content=\"Tempo estimado de leitura\" \/>\n\t<meta name=\"twitter:data1\" content=\"1 minuto\" \/>\n<script type=\"application\/ld+json\" class=\"yoast-schema-graph\">{\"@context\":\"https:\/\/schema.org\",\"@graph\":[{\"@type\":\"WebPage\",\"@id\":\"https:\/\/www.produtiva.net\/v4\/galeria\/\",\"url\":\"https:\/\/www.produtiva.net\/v4\/galeria\/\",\"name\":\"Galeria - Produtiva\",\"isPartOf\":{\"@id\":\"https:\/\/www.produtiva.net\/v4\/#website\"},\"datePublished\":\"2019-02-21T02:03:28+00:00\",\"dateModified\":\"2020-01-10T02:32:31+00:00\",\"breadcrumb\":{\"@id\":\"https:\/\/www.produtiva.net\/v4\/galeria\/#breadcrumb\"},\"inLanguage\":\"pt-PT\",\"potentialAction\":[{\"@type\":\"ReadAction\",\"target\":[\"https:\/\/www.produtiva.net\/v4\/galeria\/\"]}]},{\"@type\":\"BreadcrumbList\",\"@id\":\"https:\/\/www.produtiva.net\/v4\/galeria\/#breadcrumb\",\"itemListElement\":[{\"@type\":\"ListItem\",\"position\":1,\"name\":\"In\u00edcio\",\"item\":\"https:\/\/www.produtiva.net\/v4\/\"},{\"@type\":\"ListItem\",\"position\":2,\"name\":\"Galeria\"}]},{\"@type\":\"WebSite\",\"@id\":\"https:\/\/www.produtiva.net\/v4\/#website\",\"url\":\"https:\/\/www.produtiva.net\/v4\/\",\"name\":\"Produtiva\",\"description\":\"SA\",\"publisher\":{\"@id\":\"https:\/\/www.produtiva.net\/v4\/#organization\"},\"potentialAction\":[{\"@type\":\"SearchAction\",\"target\":{\"@type\":\"EntryPoint\",\"urlTemplate\":\"https:\/\/www.produtiva.net\/v4\/?s={search_term_string}\"},\"query-input\":{\"@type\":\"PropertyValueSpecification\",\"valueRequired\":true,\"valueName\":\"search_term_string\"}}],\"inLanguage\":\"pt-PT\"},{\"@type\":\"Organization\",\"@id\":\"https:\/\/www.produtiva.net\/v4\/#organization\",\"name\":\"Produtiva\",\"url\":\"https:\/\/www.produtiva.net\/v4\/\",\"logo\":{\"@type\":\"ImageObject\",\"inLanguage\":\"pt-PT\",\"@id\":\"https:\/\/www.produtiva.net\/v4\/#\/schema\/logo\/image\/\",\"url\":\"https:\/\/www.produtiva.net\/v4\/wp-content\/uploads\/2019\/08\/logo-produtiva-black.png\",\"contentUrl\":\"https:\/\/www.produtiva.net\/v4\/wp-content\/uploads\/2019\/08\/logo-produtiva-black.png\",\"width\":238,\"height\":52,\"caption\":\"Produtiva\"},\"image\":{\"@id\":\"https:\/\/www.produtiva.net\/v4\/#\/schema\/logo\/image\/\"}}]}<\/script>\n<!-- \/ Yoast SEO plugin. -->","yoast_head_json":{"title":"Galeria - Produtiva","robots":{"index":"index","follow":"follow","max-snippet":"max-snippet:-1","max-image-preview":"max-image-preview:large","max-video-preview":"max-video-preview:-1"},"canonical":"https:\/\/www.produtiva.net\/v4\/galeria\/","og_locale":"pt_PT","og_type":"article","og_title":"Galeria - Produtiva","og_description":"[vc_section css=&#8221;.vc_custom_1550725041833{padding-top: 80px !important;padding-bottom: 80px !important;}&#8221;][vc_row][vc_column animation=&#8221;1&#8243; animation_style=&#8221;fadeIn&#8221;][\/vc_column][\/vc_row][\/vc_section][vc_section][vc_row fullwidth=&#8221;has-fullwidth-column-no-padding&#8221;][vc_column animation=&#8221;1&#8243; animation_style=&#8221;fadeIn&#8221;][\/vc_column][\/vc_row][\/vc_section][vc_section css=&#8221;.vc_custom_1550727141962{margin-top: 80px !important;margin-bottom: 80px !important;}&#8221;][vc_row][vc_column animation=&#8221;1&#8243; animation_style=&#8221;fadeIn&#8221;][vc_custom_heading text=&#8221;A procura da melhoria cont\u00ednua nos processos e na produ\u00e7\u00e3o s\u00e3o hoje indissoci\u00e1veis na trajet\u00f3ria de crescimento que projetamos para o futuro&#8221; font_container=&#8221;tag:h4|text_align:center&#8221; use_theme_fonts=&#8221;yes&#8221; css_animation=&#8221;none&#8221; padding_bottom=&#8221;40px&#8221; animation=&#8221;1&#8243; animation_style=&#8221;fadeIn&#8221; custom_heading_font_weight=&#8221;500&#8243;][vc_column_text padding_bottom=&#8221;40px&#8221; animation=&#8221;1&#8243; animation_style=&#8221;fadeIn&#8221;]Com uma certifica\u00e7\u00e3o reconhecida internacionalmente, as [&hellip;]","og_url":"https:\/\/www.produtiva.net\/v4\/galeria\/","og_site_name":"Produtiva","article_modified_time":"2020-01-10T02:32:31+00:00","twitter_card":"summary_large_image","twitter_misc":{"Tempo estimado de leitura":"1 minuto"},"schema":{"@context":"https:\/\/schema.org","@graph":[{"@type":"WebPage","@id":"https:\/\/www.produtiva.net\/v4\/galeria\/","url":"https:\/\/www.produtiva.net\/v4\/galeria\/","name":"Galeria - Produtiva","isPartOf":{"@id":"https:\/\/www.produtiva.net\/v4\/#website"},"datePublished":"2019-02-21T02:03:28+00:00","dateModified":"2020-01-10T02:32:31+00:00","breadcrumb":{"@id":"https:\/\/www.produtiva.net\/v4\/galeria\/#breadcrumb"},"inLanguage":"pt-PT","potentialAction":[{"@type":"ReadAction","target":["https:\/\/www.produtiva.net\/v4\/galeria\/"]}]},{"@type":"BreadcrumbList","@id":"https:\/\/www.produtiva.net\/v4\/galeria\/#breadcrumb","itemListElement":[{"@type":"ListItem","position":1,"name":"In\u00edcio","item":"https:\/\/www.produtiva.net\/v4\/"},{"@type":"ListItem","position":2,"name":"Galeria"}]},{"@type":"WebSite","@id":"https:\/\/www.produtiva.net\/v4\/#website","url":"https:\/\/www.produtiva.net\/v4\/","name":"Produtiva","description":"SA","publisher":{"@id":"https:\/\/www.produtiva.net\/v4\/#organization"},"potentialAction":[{"@type":"SearchAction","target":{"@type":"EntryPoint","urlTemplate":"https:\/\/www.produtiva.net\/v4\/?s={search_term_string}"},"query-input":{"@type":"PropertyValueSpecification","valueRequired":true,"valueName":"search_term_string"}}],"inLanguage":"pt-PT"},{"@type":"Organization","@id":"https:\/\/www.produtiva.net\/v4\/#organization","name":"Produtiva","url":"https:\/\/www.produtiva.net\/v4\/","logo":{"@type":"ImageObject","inLanguage":"pt-PT","@id":"https:\/\/www.produtiva.net\/v4\/#\/schema\/logo\/image\/","url":"https:\/\/www.produtiva.net\/v4\/wp-content\/uploads\/2019\/08\/logo-produtiva-black.png","contentUrl":"https:\/\/www.produtiva.net\/v4\/wp-content\/uploads\/2019\/08\/logo-produtiva-black.png","width":238,"height":52,"caption":"Produtiva"},"image":{"@id":"https:\/\/www.produtiva.net\/v4\/#\/schema\/logo\/image\/"}}]}},"_links":{"self":[{"href":"https:\/\/www.produtiva.net\/v4\/wp-json\/wp\/v2\/pages\/897","targetHints":{"allow":["GET"]}}],"collection":[{"href":"https:\/\/www.produtiva.net\/v4\/wp-json\/wp\/v2\/pages"}],"about":[{"href":"https:\/\/www.produtiva.net\/v4\/wp-json\/wp\/v2\/types\/page"}],"author":[{"embeddable":true,"href":"https:\/\/www.produtiva.net\/v4\/wp-json\/wp\/v2\/users\/1"}],"replies":[{"embeddable":true,"href":"https:\/\/www.produtiva.net\/v4\/wp-json\/wp\/v2\/comments?post=897"}],"version-history":[{"count":0,"href":"https:\/\/www.produtiva.net\/v4\/wp-json\/wp\/v2\/pages\/897\/revisions"}],"wp:attachment":[{"href":"https:\/\/www.produtiva.net\/v4\/wp-json\/wp\/v2\/media?parent=897"}],"curies":[{"name":"wp","href":"https:\/\/api.w.org\/{rel}","templated":true}]}}